{"id":714,"date":"2026-03-12T10:34:37","date_gmt":"2026-03-12T10:34:37","guid":{"rendered":"https:\/\/micaelavillalobos.com\/?page_id=714"},"modified":"2026-03-12T10:35:04","modified_gmt":"2026-03-12T10:35:04","slug":"politica-de-cookies","status":"publish","type":"page","link":"https:\/\/micaelavillalobos.com\/en\/politica-de-cookies\/","title":{"rendered":"Pol\u00edtica de cookies"},"content":{"rendered":"<div data-elementor-type=\"wp-page\" data-elementor-id=\"714\" class=\"elementor elementor-714\" data-elementor-post-type=\"page\">\n\t\t\t\t<div class=\"elementor-element elementor-element-141af90 e-flex e-con-boxed e-con e-parent\" data-id=\"141af90\" data-element_type=\"container\" data-e-type=\"container\">\n\t\t\t\t\t<div class=\"e-con-inner\">\n\t\t\t\t<div class=\"elementor-element elementor-element-5050e30 elementor-widget elementor-widget-text-editor\" data-id=\"5050e30\" data-element_type=\"widget\" data-e-type=\"widget\" data-widget_type=\"text-editor.default\">\n\t\t\t\t<div class=\"elementor-widget-container\">\n\t\t\t\t\t\t\t\t\t<p><span style=\"font-weight: 400;\">Una <\/span><i><span style=\"font-weight: 400;\">cookie<\/span><\/i><span style=\"font-weight: 400;\"> es un peque\u00f1o fichero de texto que se almacena en su navegador cuando visita casi cualquier p\u00e1gina web. Su utilidad es que la web sea capaz de recordar su visita cuando vuelva a navegar por esa p\u00e1gina. Las <\/span><i><span style=\"font-weight: 400;\">cookies<\/span><\/i><span style=\"font-weight: 400;\"> suelen almacenar informaci\u00f3n de car\u00e1cter t\u00e9cnico, preferencias personales, personalizaci\u00f3n de contenidos, estad\u00edsticas de uso, enlaces a redes sociales, acceso a cuentas de usuario, etc. El objetivo de la <\/span><i><span style=\"font-weight: 400;\">cookie<\/span><\/i><span style=\"font-weight: 400;\"> es adaptar el contenido de la web a su perfil y necesidades, sin <\/span><i><span style=\"font-weight: 400;\">cookies<\/span><\/i><span style=\"font-weight: 400;\"> los servicios ofrecidos por cualquier p\u00e1gina se ver\u00edan mermados notablemente.<\/span><\/p><h3><b>\u00bfQu\u00e9 no es una cookie?<\/b><\/h3><p><span style=\"font-weight: 400;\">No es un virus, ni un troyano, ni un gusano, ni spam, ni spyware, ni abre ventanas pop-up.<\/span><\/p><h3><b>\u00bfQu\u00e9 informaci\u00f3n almacena una <\/b><b><i>cookie<\/i><\/b><b>?<\/b><\/h3><p><span style=\"font-weight: 400;\">Las <\/span><i><span style=\"font-weight: 400;\">cookies<\/span><\/i><span style=\"font-weight: 400;\"> no suelen almacenar informaci\u00f3n sensible sobre usted, como tarjetas de cr\u00e9dito o datos bancarios, fotograf\u00edas, su DNI o informaci\u00f3n personal, etc. Los datos que guardan son de car\u00e1cter t\u00e9cnico, preferencias personales, personalizaci\u00f3n de contenidos, etc.<\/span><\/p><p><b>El servidor web no le asocia a usted como persona sino a su navegador web. De hecho, si usted navega habitualmente con Internet Explorer y prueba a navegar por la misma web con Firefox o Chrome ver\u00e1 que la web no se da cuenta que es usted la misma persona porque en realidad est\u00e1 asociando al navegador, no a la persona.<\/b><\/p><h3><b>\u00bfQu\u00e9 tipo de <\/b><b><i>cookies<\/i><\/b><b> existen?<\/b><\/h3><ul><li style=\"font-weight: 400;\" aria-level=\"1\"><i><span style=\"font-weight: 400;\">Cookies<\/span><\/i><span style=\"font-weight: 400;\"> t\u00e9cnicas: Son las m\u00e1s elementales y permiten, entre otras cosas, saber cu\u00e1ndo est\u00e1 navegando un humano o una aplicaci\u00f3n automatizada, cuando navega un usuario an\u00f3nimo y uno registrado, tareas b\u00e1sicas para el funcionamiento de cualquier web din\u00e1mica.<\/span><\/li><li style=\"font-weight: 400;\" aria-level=\"1\"><i><span style=\"font-weight: 400;\">Cookies<\/span><\/i><span style=\"font-weight: 400;\"> de an\u00e1lisis: Recogen informaci\u00f3n sobre el tipo de navegaci\u00f3n que est\u00e1 realizando, las secciones que m\u00e1s utiliza, productos consultados, franja horaria de uso, idioma, etc.<\/span><\/li><\/ul><p><b><i>Cookies<\/i><\/b><b> publicitarias: Muestran publicidad en funci\u00f3n de su navegaci\u00f3n, su pa\u00eds de procedencia, idioma, etc.<\/b><\/p><h3><b>\u00bfQu\u00e9 son las <\/b><b><i>cookies<\/i><\/b><b> propias y las de terceros?<\/b><\/h3><p><b>Las <\/b><b><i>cookies propias<\/i><\/b><b> son las generadas por la p\u00e1gina que est\u00e1 visitando y las <\/b><b><i>de terceros<\/i><\/b><b> son las generadas por servicios o proveedores externos como Facebook, Twitter, Google, etc.<\/b><\/p><h3><b>\u00bfQu\u00e9 ocurre si desactivo las <\/b><b><i>cookies<\/i><\/b><b>?<\/b><\/h3><p><span style=\"font-weight: 400;\">Para que entienda el alcance que puede tener desactivar las <\/span><i><span style=\"font-weight: 400;\">cookies<\/span><\/i><span style=\"font-weight: 400;\"> le mostramos unos ejemplos:<\/span><\/p><ul><li style=\"font-weight: 400;\" aria-level=\"1\"><span style=\"font-weight: 400;\">No podr\u00e1 compartir contenidos de esa web en Facebook, Twitter o cualquier otra red social.<\/span><\/li><li style=\"font-weight: 400;\" aria-level=\"1\"><span style=\"font-weight: 400;\">El sitio web no podr\u00e1 adaptar los contenidos a sus preferencias personales, como suele ocurrir en las tiendas online.<\/span><\/li><li style=\"font-weight: 400;\" aria-level=\"1\"><span style=\"font-weight: 400;\">No podr\u00e1 acceder al \u00e1rea personal de esa web, como por ejemplo <\/span><i><span style=\"font-weight: 400;\">Mi cuenta<\/span><\/i><span style=\"font-weight: 400;\">, o <\/span><i><span style=\"font-weight: 400;\">Mi perfil<\/span><\/i><span style=\"font-weight: 400;\"> o <\/span><i><span style=\"font-weight: 400;\">Mis pedidos<\/span><\/i><span style=\"font-weight: 400;\">.<\/span><\/li><li style=\"font-weight: 400;\" aria-level=\"1\"><span style=\"font-weight: 400;\">Tiendas online: Le ser\u00e1 imposible realizar compras online, tendr\u00e1n que ser telef\u00f3nicas o visitando la tienda f\u00edsica si es que dispone de ella.<\/span><\/li><li style=\"font-weight: 400;\" aria-level=\"1\"><span style=\"font-weight: 400;\">No ser\u00e1 posible personalizar sus preferencias geogr\u00e1ficas como franja horaria, divisa o idioma.<\/span><\/li><li style=\"font-weight: 400;\" aria-level=\"1\"><span style=\"font-weight: 400;\">El sitio web no podr\u00e1 realizar anal\u00edticas web sobre visitantes y tr\u00e1fico en la web, lo que dificultar\u00e1 que la web sea competitiva.<\/span><\/li><li style=\"font-weight: 400;\" aria-level=\"1\"><span style=\"font-weight: 400;\">No podr\u00e1 escribir en el blog, no podr\u00e1 subir fotos, publicar comentarios, valorar o puntuar contenidos. La web tampoco podr\u00e1 saber si usted es un humano o una aplicaci\u00f3n automatizada que publica <\/span><i><span style=\"font-weight: 400;\">spam<\/span><\/i><span style=\"font-weight: 400;\">.<\/span><\/li><li style=\"font-weight: 400;\" aria-level=\"1\"><span style=\"font-weight: 400;\">No se podr\u00e1 mostrar publicidad sectorizada, lo que reducir\u00e1 los ingresos publicitarios de la web.<\/span><\/li><li style=\"font-weight: 400;\" aria-level=\"1\"><span style=\"font-weight: 400;\">Todas las redes sociales usan <\/span><i><span style=\"font-weight: 400;\">cookies<\/span><\/i><span style=\"font-weight: 400;\">, si las desactiva no podr\u00e1 utilizar ninguna red social.<\/span><\/li><\/ul><h3><b>\u00bfSe pueden eliminar las <\/b><b><i>cookies<\/i><\/b><b>?<\/b><\/h3><p><span style=\"font-weight: 400;\">S\u00ed.\u00a0 No s\u00f3lo eliminar, tambi\u00e9n bloquear, de forma general o particular para un dominio espec\u00edfico.<\/span><\/p><p><b>Para eliminar las <\/b><b><i>cookies<\/i><\/b><b> de un sitio web debe ir a la configuraci\u00f3n de su navegador y all\u00ed podr\u00e1 buscar las asociadas al dominio en cuesti\u00f3n y proceder a su eliminaci\u00f3n.<\/b><\/p><h3><b>Cookies utilizadas en este sitio web<\/b><\/h3><p><span style=\"font-weight: 400;\">Siguiendo las directrices de la Agencia Espa\u00f1ola de Protecci\u00f3n de Datos procedemos a detallar el uso de <\/span><i><span style=\"font-weight: 400;\">cookies<\/span><\/i><span style=\"font-weight: 400;\"> que hace esta web con el fin de informarle con la m\u00e1xima exactitud posible.<\/span><\/p><p><span style=\"font-weight: 400;\">Este sitio web utiliza las siguientes <\/span><b>cookies propias<\/b><span style=\"font-weight: 400;\">:<\/span><\/p><ul><li style=\"font-weight: 400;\" aria-level=\"1\"><span style=\"font-weight: 400;\">Cookies de sesi\u00f3n, para garantizar que los usuarios que escriban comentarios en el blog sean humanos y no aplicaciones automatizadas. De esta forma se combate el <\/span><i><span style=\"font-weight: 400;\">spam<\/span><\/i><span style=\"font-weight: 400;\">.<\/span><\/li><\/ul><p><span style=\"font-weight: 400;\">Este sitio web utiliza las siguientes <\/span><b>cookies de terceros<\/b><span style=\"font-weight: 400;\">:<\/span><\/p><ul><li style=\"font-weight: 400;\" aria-level=\"1\"><span style=\"font-weight: 400;\">Google Analytics: Almacena <\/span><i><span style=\"font-weight: 400;\">cookies<\/span><\/i><span style=\"font-weight: 400;\"> para poder elaborar estad\u00edsticas sobre el tr\u00e1fico y volumen de visitas de esta web. Al utilizar este sitio web est\u00e1 consintiendo el tratamiento de informaci\u00f3n acerca de usted por Google. Por tanto, el ejercicio de cualquier derecho en este sentido deber\u00e1 hacerlo comunicando directamente con Google.<\/span><\/li><li style=\"font-weight: 400;\" aria-level=\"1\"><span style=\"font-weight: 400;\">Redes sociales: Cada red social utiliza sus propias <\/span><i><span style=\"font-weight: 400;\">cookies<\/span><\/i><span style=\"font-weight: 400;\"> para que usted pueda pinchar en botones del tipo <\/span><i><span style=\"font-weight: 400;\">Me gusta<\/span><\/i><span style=\"font-weight: 400;\"> o <\/span><i><span style=\"font-weight: 400;\">Compartir<\/span><\/i><span style=\"font-weight: 400;\">.<\/span><\/li><\/ul><h3><b>Desactivaci\u00f3n o eliminaci\u00f3n de cookies<\/b><\/h3><p><span style=\"font-weight: 400;\">En cualquier momento podr\u00e1 ejercer su derecho de desactivaci\u00f3n o eliminaci\u00f3n de cookies de este sitio web. Estas acciones se realizan de forma diferente en funci\u00f3n del navegador que est\u00e9 usando. Aqu\u00ed le dejamos una gu\u00eda r\u00e1pida para los navegadores m\u00e1s populares. <\/span><b>(enlazar con m\u00e1s informaci\u00f3n sobre las cookies\u201d)<\/b><\/p><h3><b>Configuraci\u00f3n de <\/b><b><i>cookies<\/i><\/b><b> para los navegadores m\u00e1s populares<\/b><\/h3><p><span style=\"font-weight: 400;\">A continuaci\u00f3n le indicamos c\u00f3mo acceder a una <\/span><i><span style=\"font-weight: 400;\">cookie<\/span><\/i><span style=\"font-weight: 400;\"> determinada del navegador <\/span><b>Chrome<\/b><span style=\"font-weight: 400;\">. Nota: estos pasos pueden variar en funci\u00f3n de la versi\u00f3n del navegador:<\/span><\/p><ol><li style=\"font-weight: 400;\" aria-level=\"1\"><span style=\"font-weight: 400;\">Vaya a Configuraci\u00f3n o Preferencias mediante el men\u00fa Archivo o bien pinchando el icono de personalizaci\u00f3n que aparece arriba a la derecha.<\/span><\/li><li style=\"font-weight: 400;\" aria-level=\"1\"><span style=\"font-weight: 400;\">Ver\u00e1 diferentes secciones, pinche la opci\u00f3n <\/span><i><span style=\"font-weight: 400;\">Mostrar opciones avanzadas<\/span><\/i><span style=\"font-weight: 400;\">.<\/span><\/li><li style=\"font-weight: 400;\" aria-level=\"1\"><span style=\"font-weight: 400;\">Vaya a <\/span><i><span style=\"font-weight: 400;\">Privacidad<\/span><\/i><span style=\"font-weight: 400;\">, <\/span><i><span style=\"font-weight: 400;\">Configuraci\u00f3n de contenido<\/span><\/i><span style=\"font-weight: 400;\">.<\/span><\/li><li style=\"font-weight: 400;\" aria-level=\"1\"><span style=\"font-weight: 400;\">Seleccione <\/span><i><span style=\"font-weight: 400;\">Todas las cookies y los datos de sitios<\/span><\/i><span style=\"font-weight: 400;\">.<\/span><\/li><li style=\"font-weight: 400;\" aria-level=\"1\"><span style=\"font-weight: 400;\">Aparecer\u00e1 un listado con todas las <\/span><i><span style=\"font-weight: 400;\">cookies<\/span><\/i><span style=\"font-weight: 400;\"> ordenadas por dominio. Para que le sea m\u00e1s f\u00e1cil encontrar las <\/span><i><span style=\"font-weight: 400;\">cookies<\/span><\/i><span style=\"font-weight: 400;\"> de un determinado dominio introduzca parcial o totalmente la direcci\u00f3n en el campo <\/span><i><span style=\"font-weight: 400;\">Buscar cookies<\/span><\/i><span style=\"font-weight: 400;\">.<\/span><\/li><li style=\"font-weight: 400;\" aria-level=\"1\"><span style=\"font-weight: 400;\">Tras realizar este filtro aparecer\u00e1n en pantalla una o varias l\u00edneas con las <\/span><i><span style=\"font-weight: 400;\">cookies<\/span><\/i><span style=\"font-weight: 400;\"> de la web solicitada. Ahora s\u00f3lo tiene que seleccionarla y pulsar la <\/span><i><span style=\"font-weight: 400;\">X<\/span><\/i><span style=\"font-weight: 400;\"> para proceder a su eliminaci\u00f3n.<\/span><\/li><\/ol><p><span style=\"font-weight: 400;\">Para acceder a la configuraci\u00f3n de <\/span><i><span style=\"font-weight: 400;\">cookies<\/span><\/i><span style=\"font-weight: 400;\"> del navegador <\/span><b>Internet Explorer<\/b><span style=\"font-weight: 400;\"> siga estos pasos (pueden variar en funci\u00f3n de la versi\u00f3n del navegador):<\/span><\/p><ol><li style=\"font-weight: 400;\" aria-level=\"1\"><span style=\"font-weight: 400;\">Vaya a <\/span><i><span style=\"font-weight: 400;\">Herramientas<\/span><\/i><span style=\"font-weight: 400;\">, <\/span><i><span style=\"font-weight: 400;\">Opciones de Internet<\/span><\/i><\/li><li style=\"font-weight: 400;\" aria-level=\"1\"><span style=\"font-weight: 400;\">Haga click en <\/span><i><span style=\"font-weight: 400;\">Privacidad<\/span><\/i><span style=\"font-weight: 400;\">.<\/span><\/li><li style=\"font-weight: 400;\" aria-level=\"1\"><span style=\"font-weight: 400;\">Mueva el deslizador hasta ajustar el nivel de privacidad que desee.<\/span><\/li><\/ol><p><span style=\"font-weight: 400;\">Para acceder a la configuraci\u00f3n de <\/span><i><span style=\"font-weight: 400;\">cookies<\/span><\/i><span style=\"font-weight: 400;\"> del navegador <\/span><b>Firefox<\/b><span style=\"font-weight: 400;\"> siga estos pasos (pueden variar en funci\u00f3n de la versi\u00f3n del navegador):<\/span><\/p><ol><li style=\"font-weight: 400;\" aria-level=\"1\"><span style=\"font-weight: 400;\">Vaya a <\/span><i><span style=\"font-weight: 400;\">Opciones<\/span><\/i><span style=\"font-weight: 400;\"> o <\/span><i><span style=\"font-weight: 400;\">Preferencias<\/span><\/i><span style=\"font-weight: 400;\"> seg\u00fan su sistema operativo.<\/span><\/li><li style=\"font-weight: 400;\" aria-level=\"1\"><span style=\"font-weight: 400;\">Haga click en <\/span><i><span style=\"font-weight: 400;\">Privacidad<\/span><\/i><span style=\"font-weight: 400;\">.<\/span><\/li><li style=\"font-weight: 400;\" aria-level=\"1\"><span style=\"font-weight: 400;\">En <\/span><i><span style=\"font-weight: 400;\">Historial<\/span><\/i><span style=\"font-weight: 400;\"> elija <\/span><i><span style=\"font-weight: 400;\">Usar una configuraci\u00f3n personalizada para el historial<\/span><\/i><span style=\"font-weight: 400;\">.<\/span><\/li><li style=\"font-weight: 400;\" aria-level=\"1\"><span style=\"font-weight: 400;\">Ahora ver\u00e1 la opci\u00f3n <\/span><i><span style=\"font-weight: 400;\">Aceptar cookies<\/span><\/i><span style=\"font-weight: 400;\">, puede activarla o desactivarla seg\u00fan sus preferencias.<\/span><\/li><\/ol><p><span style=\"font-weight: 400;\">Para acceder a la configuraci\u00f3n de <\/span><i><span style=\"font-weight: 400;\">cookies<\/span><\/i><span style=\"font-weight: 400;\"> del navegador <\/span><b>Safari para OSX<\/b><span style=\"font-weight: 400;\"> siga estos pasos (pueden variar en funci\u00f3n de la versi\u00f3n del navegador):<\/span><\/p><ol><li style=\"font-weight: 400;\" aria-level=\"1\"><span style=\"font-weight: 400;\">Vaya a <\/span><i><span style=\"font-weight: 400;\">Preferencias<\/span><\/i><span style=\"font-weight: 400;\">, luego <\/span><i><span style=\"font-weight: 400;\">Privacidad<\/span><\/i><span style=\"font-weight: 400;\">.<\/span><\/li><li style=\"font-weight: 400;\" aria-level=\"1\"><span style=\"font-weight: 400;\">En este lugar ver\u00e1 la opci\u00f3n <\/span><i><span style=\"font-weight: 400;\">Bloquear cookies<\/span><\/i><span style=\"font-weight: 400;\"> para que ajuste el tipo de bloqueo que desea realizar.<\/span><\/li><\/ol><p><span style=\"font-weight: 400;\">Para acceder a la configuraci\u00f3n de <\/span><i><span style=\"font-weight: 400;\">cookies<\/span><\/i><span style=\"font-weight: 400;\"> del navegador <\/span><b>Safari para iOS<\/b><span style=\"font-weight: 400;\"> siga estos pasos (pueden variar en funci\u00f3n de la versi\u00f3n del navegador):<\/span><\/p><ol><li style=\"font-weight: 400;\" aria-level=\"1\"><span style=\"font-weight: 400;\">Vaya a <\/span><i><span style=\"font-weight: 400;\">Ajustes<\/span><\/i><span style=\"font-weight: 400;\">, luego <\/span><i><span style=\"font-weight: 400;\">Safari<\/span><\/i><span style=\"font-weight: 400;\">.<\/span><\/li><li style=\"font-weight: 400;\" aria-level=\"1\"><span style=\"font-weight: 400;\">Vaya a <\/span><i><span style=\"font-weight: 400;\">Privacidad y Seguridad<\/span><\/i><span style=\"font-weight: 400;\">, ver\u00e1 la opci\u00f3n <\/span><i><span style=\"font-weight: 400;\">Bloquear cookies<\/span><\/i><span style=\"font-weight: 400;\"> para que ajuste el tipo de bloqueo que desea realizar.<\/span><\/li><\/ol><p><span style=\"font-weight: 400;\">Para acceder a la configuraci\u00f3n de <\/span><i><span style=\"font-weight: 400;\">cookies<\/span><\/i><span style=\"font-weight: 400;\"> del navegador para dispositivos <\/span><b>Android<\/b><span style=\"font-weight: 400;\"> siga estos pasos (pueden variar en funci\u00f3n de la versi\u00f3n del navegador):<\/span><\/p><ol><li style=\"font-weight: 400;\" aria-level=\"1\"><span style=\"font-weight: 400;\">Ejecute el navegador y pulse la tecla <\/span><i><span style=\"font-weight: 400;\">Men\u00fa<\/span><\/i><span style=\"font-weight: 400;\">, luego <\/span><i><span style=\"font-weight: 400;\">Ajustes<\/span><\/i><span style=\"font-weight: 400;\">.<\/span><\/li><li style=\"font-weight: 400;\" aria-level=\"1\"><span style=\"font-weight: 400;\">Vaya a <\/span><i><span style=\"font-weight: 400;\">Seguridad y Privacidad<\/span><\/i><span style=\"font-weight: 400;\">, ver\u00e1 la opci\u00f3n <\/span><i><span style=\"font-weight: 400;\">Aceptar cookies<\/span><\/i><span style=\"font-weight: 400;\"> para que active o desactive la casilla.<\/span><\/li><\/ol><p><span style=\"font-weight: 400;\">Para acceder a la configuraci\u00f3n de <\/span><i><span style=\"font-weight: 400;\">cookies<\/span><\/i><span style=\"font-weight: 400;\"> del navegador para dispositivos <\/span><b>Windows Phone<\/b><span style=\"font-weight: 400;\"> siga estos pasos (pueden variar en funci\u00f3n de la versi\u00f3n del navegador):<\/span><\/p><ol><li style=\"font-weight: 400;\" aria-level=\"1\"><span style=\"font-weight: 400;\">Abra <\/span><i><span style=\"font-weight: 400;\">Internet Explorer<\/span><\/i><span style=\"font-weight: 400;\">, luego <\/span><i><span style=\"font-weight: 400;\">M\u00e1s<\/span><\/i><span style=\"font-weight: 400;\">, luego <\/span><i><span style=\"font-weight: 400;\">Configuraci\u00f3n<\/span><\/i><\/li><li style=\"font-weight: 400;\" aria-level=\"1\"><span style=\"font-weight: 400;\">Ahora puede activar o desactivar la casilla <\/span><i><span style=\"font-weight: 400;\">Permitir cookies<\/span><\/i><span style=\"font-weight: 400;\">.<\/span><\/li><\/ol><h3><b>Notas adicionales<\/b><\/h3><ul><li style=\"font-weight: 400;\" aria-level=\"1\"><span style=\"font-weight: 400;\">Ni esta web ni sus representantes legales se hacen responsables ni del contenido ni de la veracidad de las pol\u00edticas de privacidad que puedan tener los terceros mencionados en esta pol\u00edtica de <\/span><i><span style=\"font-weight: 400;\">cookies<\/span><\/i><span style=\"font-weight: 400;\">.<\/span><\/li><li style=\"font-weight: 400;\" aria-level=\"1\"><span style=\"font-weight: 400;\">Los navegadores web son las herramientas encargadas de almacenar las <\/span><i><span style=\"font-weight: 400;\">cookies<\/span><\/i><span style=\"font-weight: 400;\"> y desde este lugar debe efectuar su derecho a eliminaci\u00f3n o desactivaci\u00f3n de las mismas. Ni esta web ni sus representantes legales pueden garantizar la correcta o incorrecta manipulaci\u00f3n de las <\/span><i><span style=\"font-weight: 400;\">cookies<\/span><\/i><span style=\"font-weight: 400;\"> por parte de los mencionados navegadores.<\/span><\/li><li style=\"font-weight: 400;\" aria-level=\"1\"><span style=\"font-weight: 400;\">En algunos casos es necesario instalar <\/span><i><span style=\"font-weight: 400;\">cookies<\/span><\/i><span style=\"font-weight: 400;\"> para que el navegador no olvide su decisi\u00f3n de no aceptaci\u00f3n de las mismas.<\/span><\/li><li style=\"font-weight: 400;\" aria-level=\"1\"><span style=\"font-weight: 400;\">En el caso de las <\/span><i><span style=\"font-weight: 400;\">cookies<\/span><\/i><span style=\"font-weight: 400;\"> de Google Analytics, esta empresa almacena las <\/span><i><span style=\"font-weight: 400;\">cookies<\/span><\/i><span style=\"font-weight: 400;\"> en servidores ubicados en Estados Unidos y se compromete a no compartirla con terceros, excepto en los casos en los que sea necesario para el funcionamiento del sistema o cuando la ley obligue a tal efecto. Seg\u00fan Google no guarda su direcci\u00f3n IP. Google Inc. es una compa\u00f1\u00eda adherida al Acuerdo de Puerto Seguro que garantiza que todos los datos transferidos ser\u00e1n tratados con un nivel de protecci\u00f3n acorde a la normativa europea. Puede consultar informaci\u00f3n detallada a este respecto <\/span><a href=\"http:\/\/safeharbor.export.gov\/companyinfo.aspx?id=16626\"><span style=\"font-weight: 400;\">en este enlace<\/span><\/a><span style=\"font-weight: 400;\">. Si desea informaci\u00f3n sobre el uso que Google da a las cookies <\/span><a href=\"https:\/\/developers.google.com\/analytics\/devguides\/collection\/analyticsjs\/cookie-usage?hl=es&amp;csw=1\"><span style=\"font-weight: 400;\">le adjuntamos este otro enlace<\/span><\/a><span style=\"font-weight: 400;\">.<\/span><\/li><li style=\"font-weight: 400;\" aria-level=\"1\"><span style=\"font-weight: 400;\">Para cualquier duda o consulta acerca de esta pol\u00edtica de <\/span><i><span style=\"font-weight: 400;\">cookies<\/span><\/i><span style=\"font-weight: 400;\"> no dude en comunicarse con nosotros a trav\u00e9s de la secci\u00f3n de contacto.<\/span><\/li><\/ul><p>\u00a0<\/p>\t\t\t\t\t\t\t\t<\/div>\n\t\t\t\t<\/div>\n\t\t\t\t\t<\/div>\n\t\t\t\t<\/div>\n\t\t\t\t<\/div>","protected":false},"excerpt":{"rendered":"<p>Una cookie es un peque\u00f1o fichero de texto que se almacena en su navegador cuando visita casi cualquier p\u00e1gina web. Su utilidad es que la web sea capaz de recordar su visita cuando vuelva a navegar por esa p\u00e1gina. Las cookies suelen almacenar informaci\u00f3n de car\u00e1cter t\u00e9cnico, preferencias personales, personalizaci\u00f3n de contenidos, estad\u00edsticas de uso, [&hellip;]<\/p>","protected":false},"author":1,"featured_media":0,"parent":0,"menu_order":0,"comment_status":"closed","ping_status":"closed","template":"","meta":{"footnotes":""},"class_list":["post-714","page","type-page","status-publish","hentry"],"_links":{"self":[{"href":"https:\/\/micaelavillalobos.com\/en\/wp-json\/wp\/v2\/pages\/714","targetHints":{"allow":["GET"]}}],"collection":[{"href":"https:\/\/micaelavillalobos.com\/en\/wp-json\/wp\/v2\/pages"}],"about":[{"href":"https:\/\/micaelavillalobos.com\/en\/wp-json\/wp\/v2\/types\/page"}],"author":[{"embeddable":true,"href":"https:\/\/micaelavillalobos.com\/en\/wp-json\/wp\/v2\/users\/1"}],"replies":[{"embeddable":true,"href":"https:\/\/micaelavillalobos.com\/en\/wp-json\/wp\/v2\/comments?post=714"}],"version-history":[{"count":4,"href":"https:\/\/micaelavillalobos.com\/en\/wp-json\/wp\/v2\/pages\/714\/revisions"}],"predecessor-version":[{"id":719,"href":"https:\/\/micaelavillalobos.com\/en\/wp-json\/wp\/v2\/pages\/714\/revisions\/719"}],"wp:attachment":[{"href":"https:\/\/micaelavillalobos.com\/en\/wp-json\/wp\/v2\/media?parent=714"}],"curies":[{"name":"wp","href":"https:\/\/api.w.org\/{rel}","templated":true}]}}