{"id":708,"date":"2026-03-12T10:32:20","date_gmt":"2026-03-12T10:32:20","guid":{"rendered":"https:\/\/micaelavillalobos.com\/?page_id=708"},"modified":"2026-03-12T10:34:09","modified_gmt":"2026-03-12T10:34:09","slug":"aviso-legal","status":"publish","type":"page","link":"https:\/\/micaelavillalobos.com\/en\/aviso-legal\/","title":{"rendered":"Aviso legal"},"content":{"rendered":"<div data-elementor-type=\"wp-page\" data-elementor-id=\"708\" class=\"elementor elementor-708\" data-elementor-post-type=\"page\">\n\t\t\t\t<div class=\"elementor-element elementor-element-60ecb1f e-flex e-con-boxed e-con e-parent\" data-id=\"60ecb1f\" data-element_type=\"container\" data-e-type=\"container\">\n\t\t\t\t\t<div class=\"e-con-inner\">\n\t\t\t\t<div class=\"elementor-element elementor-element-13cff4d elementor-widget elementor-widget-text-editor\" data-id=\"13cff4d\" data-element_type=\"widget\" data-e-type=\"widget\" data-widget_type=\"text-editor.default\">\n\t\t\t\t<div class=\"elementor-widget-container\">\n\t\t\t\t\t\t\t\t\t<p><b>Representante<\/b>: Micaela Giovanna Villalobos&nbsp;(en adelante <b>Micaela Villalobos<\/b><span style=\"font-weight: 400;\">)<\/span><\/p>\n<p><b>CIF<\/b><span style=\"font-weight: 400;\">:&nbsp;<\/span>Y7805171C<\/p>\n<p><b>Direcci\u00f3n postal<\/b>: Calle de San Leopoldo 62, 2D, Madrid (28029)<\/p>\n<p><b>Tel\u00e9fono<\/b><span style=\"font-weight: 400;\">:&nbsp;<\/span>677645491<\/p>\n<p><b>Email<\/b><span style=\"font-weight: 400;\">:&nbsp;<\/span>micaelavillalobosa@gmail.com<\/p>\n<p><b>Objeto de la web<\/b><span style=\"font-weight: 400;\">: Informar a los usuarios de las actividades y proyectos de&nbsp;<\/span><span style=\"font-weight: 700;\">Micaela Villalobos<\/span><\/p>\n<p><span style=\"font-weight: 400;\">El uso de esta Web por el usuario implica la aceptaci\u00f3n por su parte, plena y sin reservas, de las <\/span><b>Condiciones de uso<\/b><span style=\"font-weight: 400;\"> que se indican a continuaci\u00f3n.<\/span><\/p>\n<p><span style=\"font-weight: 700;\">Micaela Villalobos<\/span><b>&nbsp;<\/b><span style=\"font-weight: 400;\">se reserva el derecho a actualizar, modificar o eliminar dichos t\u00e9rminos, que ser\u00e1n aplicables desde su publicaci\u00f3n, por lo que se recomienda que los usuarios consulten el contenido de la \u00faltima versi\u00f3n de manera peri\u00f3dica.<\/span><\/p>\t\t\t\t\t\t\t\t<\/div>\n\t\t\t\t<\/div>\n\t\t\t\t\t<\/div>\n\t\t\t\t<\/div>\n\t\t\t\t<\/div>","protected":false},"excerpt":{"rendered":"<p>Representante: Micaela Giovanna Villalobos&nbsp;(en adelante Micaela Villalobos) CIF:&nbsp;Y7805171C Direcci\u00f3n postal: Calle de San Leopoldo 62, 2D, Madrid (28029) Tel\u00e9fono:&nbsp;677645491 Email:&nbsp;micaelavillalobosa@gmail.com Objeto de la web: Informar a los usuarios de las actividades y proyectos de&nbsp;Micaela Villalobos El uso de esta Web por el usuario implica la aceptaci\u00f3n por su parte, plena y sin reservas, de las [&hellip;]<\/p>","protected":false},"author":1,"featured_media":0,"parent":0,"menu_order":0,"comment_status":"closed","ping_status":"closed","template":"","meta":{"footnotes":""},"class_list":["post-708","page","type-page","status-publish","hentry"],"_links":{"self":[{"href":"https:\/\/micaelavillalobos.com\/en\/wp-json\/wp\/v2\/pages\/708","targetHints":{"allow":["GET"]}}],"collection":[{"href":"https:\/\/micaelavillalobos.com\/en\/wp-json\/wp\/v2\/pages"}],"about":[{"href":"https:\/\/micaelavillalobos.com\/en\/wp-json\/wp\/v2\/types\/page"}],"author":[{"embeddable":true,"href":"https:\/\/micaelavillalobos.com\/en\/wp-json\/wp\/v2\/users\/1"}],"replies":[{"embeddable":true,"href":"https:\/\/micaelavillalobos.com\/en\/wp-json\/wp\/v2\/comments?post=708"}],"version-history":[{"count":4,"href":"https:\/\/micaelavillalobos.com\/en\/wp-json\/wp\/v2\/pages\/708\/revisions"}],"predecessor-version":[{"id":713,"href":"https:\/\/micaelavillalobos.com\/en\/wp-json\/wp\/v2\/pages\/708\/revisions\/713"}],"wp:attachment":[{"href":"https:\/\/micaelavillalobos.com\/en\/wp-json\/wp\/v2\/media?parent=708"}],"curies":[{"name":"wp","href":"https:\/\/api.w.org\/{rel}","templated":true}]}}