{"id":702,"date":"2026-03-12T10:29:34","date_gmt":"2026-03-12T10:29:34","guid":{"rendered":"https:\/\/micaelavillalobos.com\/?page_id=702"},"modified":"2026-03-12T10:31:39","modified_gmt":"2026-03-12T10:31:39","slug":"politica-de-privacidad","status":"publish","type":"page","link":"https:\/\/micaelavillalobos.com\/en\/politica-de-privacidad\/","title":{"rendered":"Pol\u00edtica de privacidad"},"content":{"rendered":"<div data-elementor-type=\"wp-page\" data-elementor-id=\"702\" class=\"elementor elementor-702\" data-elementor-post-type=\"page\">\n\t\t\t\t<div class=\"elementor-element elementor-element-c6180d2 e-flex e-con-boxed e-con e-parent\" data-id=\"c6180d2\" data-element_type=\"container\" data-e-type=\"container\">\n\t\t\t\t\t<div class=\"e-con-inner\">\n\t\t\t\t<div class=\"elementor-element elementor-element-c1cbadb elementor-widget elementor-widget-text-editor\" data-id=\"c1cbadb\" data-element_type=\"widget\" data-e-type=\"widget\" data-widget_type=\"text-editor.default\">\n\t\t\t\t<div class=\"elementor-widget-container\">\n\t\t\t\t\t\t\t\t\t<h4><b>\u00bfQui\u00e9n es el Responsable del tratamiento de sus datos?<\/b><\/h4>\n<p><b>Identidad<\/b><span style=\"font-weight: 400;\">:&nbsp;<\/span>Micaela Giovanna Villalobos (en adelante \u201c<b>Micaela Villalobos<\/b><span style=\"font-weight: 400;\">\u201c)<\/span><\/p>\n<p><b>CIF<\/b><span style=\"font-weight: 400;\">:&nbsp;<\/span>Y7805171C<\/p>\n<p><b>Direcci\u00f3n postal<\/b><span style=\"font-weight: 400;\">:&nbsp;<\/span>Calle de San Leopoldo 62, 2D, Madrid (28029)<\/p>\n<p><b>Correo electr\u00f3nico<\/b><span style=\"font-weight: 400;\">:&nbsp;<\/span>micaelavillalobosa@gmail.com<\/p>\n<p><b>Tel\u00e9fono<\/b><span style=\"font-weight: 400;\">: +34&nbsp;<\/span>677645491<\/p>\n<h4><b>\u00bfCon qu\u00e9 finalidad tratamos sus datos personales?<\/b><\/h4>\n<p><span style=\"font-weight: 400;\">En <\/span><b>EMPRESA<\/b><span style=\"font-weight: 400;\"> tratamos la informaci\u00f3n que nos facilitan las personas interesadas con el fin de promocionar los productos de la web propiedad de <\/span><b>EMPRESA<\/b><span style=\"font-weight: 400;\"> y mantener contacto directo por correo electr\u00f3nico o llamada telef\u00f3nica. Tambi\u00e9n tratamos la informaci\u00f3n facilitada para la ejecuci\u00f3n de contratos de promoci\u00f3n y venta de los productos que oferta <\/span><b>EMPRESA<\/b><span style=\"font-weight: 400;\">, cuando se den estos casos.<\/span><\/p>\n<p><span style=\"font-weight: 400;\">Con el fin de poder ofrecerle productos y servicios de acuerdo con sus intereses, crearemos un \u201cperfil comercial\u201d, en base a la informaci\u00f3n facilitada. No se tomar\u00e1n decisiones automatizadas en base a dicho perfil.<\/span><\/p>\n<h4><b>\u00bfPor cu\u00e1nto tiempo conservaremos sus datos?<\/b><\/h4>\n<p><span style=\"font-weight: 400;\">Los datos personales proporcionados se conservar\u00e1n mientras se mantenga la relaci\u00f3n mercantil o no se solicite su supresi\u00f3n por el interesado durante un plazo de dos a\u00f1os a partir de la \u00faltima confirmaci\u00f3n de inter\u00e9s.<\/span><\/p>\n<h4><b>\u00bfCu\u00e1l es la legitimaci\u00f3n para el tratamiento de sus datos?<\/b><\/h4>\n<p><span style=\"font-weight: 400;\">La base legal para el tratamiento de sus datos es la ejecuci\u00f3n del contrato de venta de los productos y servicios solicitados que figura en su cartera de pedidos, seg\u00fan los t\u00e9rminos y condiciones que constan en la p\u00e1gina de contrataci\u00f3n de su pedido.<\/span><\/p>\n<p><span style=\"font-weight: 400;\">El env\u00edo de newsletter de los productos y servicios que oferta <\/span><b>EMPRESA<\/b><span style=\"font-weight: 400;\">, est\u00e1n basadas en el consentimiento que se le solicita, sin que en ning\u00fan caso la retirada de este consentimiento condicione la ejecuci\u00f3n del contrato de suscripci\u00f3n y\/o los servicios de consultor\u00eda.<\/span><\/p>\n<h4><b>\u00bfA qu\u00e9 destinatarios se comunicar\u00e1n sus datos?<\/b><\/h4>\n<p><b>EMPRESA<\/b><span style=\"font-weight: 400;\"> no comunicar\u00e1 sus datos personales a ninguna entidad<\/span><\/p>\n<h4><b>\u00bfCu\u00e1les son sus derechos cuando nos facilita sus datos?<\/b><\/h4>\n<p><span style=\"font-weight: 400;\">Cualquier persona tiene derecho a obtener confirmaci\u00f3n sobre si en <\/span><b>EMPRESA<\/b><span style=\"font-weight: 400;\"> estamos tratando datos personales que les concierne, o no.<\/span><\/p>\n<p><span style=\"font-weight: 400;\">Las personas interesadas tienen derecho a acceder a sus datos personales, as\u00ed como a solicitar la rectificaci\u00f3n de los datos inexactos o, en su caso, solicitar su supresi\u00f3n cuando, entre otros motivos, los datos ya no sean necesarios para los fines que fueron recogidos.<\/span><\/p>\n<p><span style=\"font-weight: 400;\">En determinadas circunstancias, los interesados podr\u00e1n solicitar la limitaci\u00f3n del tratamiento de sus datos, en cuyo caso \u00fanicamente los conservaremos para el ejercicio o la defensa de reclamaciones.<\/span><\/p>\n<p><span style=\"font-weight: 400;\">En determinadas circunstancias y por motivos relacionados con su situaci\u00f3n particular, los interesados podr\u00e1n oponerse al tratamiento de sus datos. <\/span><b>EMPRESA<\/b><span style=\"font-weight: 400;\"> dejar\u00e1 de tratar los datos, salvo por motivos leg\u00edtimos imperiosos, o el ejercicio o la defensa de posibles reclamaciones.<\/span><\/p>\n<p><span style=\"font-weight: 400;\">Las personas interesadas tienen derecho a la portabilidad de sus datos personales. <\/span><b>EMPRESA<\/b><span style=\"font-weight: 400;\"> facilita este derecho al interesado que desee ejercerlo.<\/span><\/p>\n<p><span style=\"font-weight: 400;\">El interesado puede ejercer materialmente estos derechos mediante los enlaces de acceso que est\u00e1n disponibles en los correos electr\u00f3nicos recibidos por parte de <\/span><b>EMPRESA<\/b><span style=\"font-weight: 400;\"> o solicitando la ejecuci\u00f3n de cualquiera de los derechos mencionados dirigi\u00e9ndose por correo electr\u00f3nico a&nbsp;<\/span>micaelavillalobosa@gmail.com. Opcionalmente, puede redirigir el interesado a la Autoridad de Control competente para obtener informaci\u00f3n adicional acerca de sus derechos.<\/p>\n<p><span style=\"font-weight: 400;\">El interesado tiene derecho a retirar el consentimiento concedido para recibir informaci\u00f3n de marketing y\/o newsletter en cualquier momento, sin que ello afecte a la licitud del tratamiento basado en el consentimiento previo a su retirada.<\/span><\/p>\n<p><span style=\"font-weight: 400;\">El interesado pueden presentar una reclamaci\u00f3n ante la Autoridad de Control en materia de Protecci\u00f3n de Datos competente, especialmente cuando no haya obtenido satisfacci\u00f3n en el ejercicio de sus derechos por parte de <\/span><b>EMPRESA<\/b><\/p>\t\t\t\t\t\t\t\t<\/div>\n\t\t\t\t<\/div>\n\t\t\t\t\t<\/div>\n\t\t\t\t<\/div>\n\t\t\t\t<\/div>","protected":false},"excerpt":{"rendered":"<p>\u00bfQui\u00e9n es el Responsable del tratamiento de sus datos? Identidad:&nbsp;Micaela Giovanna Villalobos (en adelante \u201cMicaela Villalobos\u201c) CIF:&nbsp;Y7805171C Direcci\u00f3n postal:&nbsp;Calle de San Leopoldo 62, 2D, Madrid (28029) Correo electr\u00f3nico:&nbsp;micaelavillalobosa@gmail.com Tel\u00e9fono: +34&nbsp;677645491 \u00bfCon qu\u00e9 finalidad tratamos sus datos personales? En EMPRESA tratamos la informaci\u00f3n que nos facilitan las personas interesadas con el fin de promocionar los productos [&hellip;]<\/p>","protected":false},"author":1,"featured_media":0,"parent":0,"menu_order":0,"comment_status":"closed","ping_status":"closed","template":"","meta":{"footnotes":""},"class_list":["post-702","page","type-page","status-publish","hentry"],"_links":{"self":[{"href":"https:\/\/micaelavillalobos.com\/en\/wp-json\/wp\/v2\/pages\/702","targetHints":{"allow":["GET"]}}],"collection":[{"href":"https:\/\/micaelavillalobos.com\/en\/wp-json\/wp\/v2\/pages"}],"about":[{"href":"https:\/\/micaelavillalobos.com\/en\/wp-json\/wp\/v2\/types\/page"}],"author":[{"embeddable":true,"href":"https:\/\/micaelavillalobos.com\/en\/wp-json\/wp\/v2\/users\/1"}],"replies":[{"embeddable":true,"href":"https:\/\/micaelavillalobos.com\/en\/wp-json\/wp\/v2\/comments?post=702"}],"version-history":[{"count":4,"href":"https:\/\/micaelavillalobos.com\/en\/wp-json\/wp\/v2\/pages\/702\/revisions"}],"predecessor-version":[{"id":707,"href":"https:\/\/micaelavillalobos.com\/en\/wp-json\/wp\/v2\/pages\/702\/revisions\/707"}],"wp:attachment":[{"href":"https:\/\/micaelavillalobos.com\/en\/wp-json\/wp\/v2\/media?parent=702"}],"curies":[{"name":"wp","href":"https:\/\/api.w.org\/{rel}","templated":true}]}}